{"id":249,"date":"2012-04-03T15:44:04","date_gmt":"2012-04-03T13:44:04","guid":{"rendered":"http:\/\/www.beraternetworking.de\/?page_id=249"},"modified":"2020-01-24T20:06:50","modified_gmt":"2020-01-24T18:06:50","slug":"links","status":"publish","type":"page","link":"https:\/\/www.beraternetworking.de\/?page_id=249","title":{"rendered":"Links"},"content":{"rendered":"<h3>Netzwerke und Verb\u00e4nde f\u00fcr Unternehmerinnen<\/h3>\n<p>Business and Professional Women<a href=\"http:\/\/www.bpw-germany.de\/\" target=\"_blank\" rel=\"noopener noreferrer\"><br \/>\nwww.bpw-germany.de<\/a><\/p>\n<p>B.F.B.M. &#8211; Verband der Frau im freien Beruf und im Management e.V.<a href=\"http:\/\/www.bfbm.de\/\" target=\"_blank\" rel=\"noopener noreferrer\"><br \/>\nwww.bfbm.de<\/a><\/p>\n<p>Journalistinnenbund e.V.<\/p>\n<p><a title=\"Link \u00f6ffnet in einem neuen Fenster\" href=\"http:\/\/www.journalistinnen.de\/\">www.journalistinnen.de<\/a><\/p>\n<p>Gr\u00fcnderinnenportal des Bundesministeriums f\u00fcr Wirtschaft und Technologie<\/p>\n<p><a class=\"smarterwiki-linkify\" href=\"http:\/\/www.gruenderinnenportal.de\">www.gruenderinnenportal.de<\/a><\/p>\n<p><a class=\"smarterwiki-linkify\" href=\"http:\/\/www.manager-magazin.de\">www.manager-magazin.de<\/a><\/p>\n<h3>Systemische Beratung, Supervision &amp; Coaching<\/h3>\n<ul>\n<li><a href=\"http:\/\/www.dgsv.de\/\">www.dgsv.de <\/a><\/li>\n<\/ul>\n<p>Berufs- und Fachverband von Berater\/innen, die das Beratungskonzept Supervision erlernt haben und auf dem Markt anbieten.<\/p>\n<ul>\n<li><a href=\"http:\/\/www.systemische-gesellschaft.de\/\">www.systemische-gesellschaft.de<\/a><\/li>\n<\/ul>\n<p>Systemische Gesellschaft \u2013 Deutscher Verband f\u00fcr systemische Forschung, Therapie, Supervision und Beratung e.V.\u201c hat sich 1993 in K\u00f6ln von mehreren Systemischen Weiterbildungsinstituten als Fachverband zur Vertretung und Weiterentwicklung des Systemischen Ansatzes gegr\u00fcndet.<\/p>\n<table border=\"0\" width=\"18\" cellspacing=\"0\" cellpadding=\"3\">\n<tbody>\n<tr valign=\"center\">\n<td align=\"right\"><\/td>\n<td><\/td>\n<\/tr>\n<\/tbody>\n<\/table>\n<ul>\n<li><a href=\"http:\/\/www.coaching-lexikon.de\/index.php\/Hauptseite\" target=\"_blank\" rel=\"noopener noreferrer\">www.coaching-lexikon.de<\/a><\/li>\n<\/ul>\n<p>Das Coaching-Lexikon ist ein freies Nachschlagewerk und erinnert auch im Erscheinungsbild an die Wikipedia-Seite. Viel Information und ein kostenloser Coaching-Newsletter<\/p>\n<ul>\n<li><a href=\"http:\/\/www.systemische-professionalitaet.de\"><b>www.systemische-professionalitaet.de<\/b><\/a><\/li>\n<\/ul>\n<p>Das Institut f\u00fcr systemische Beratung stellt auf diesen Seiten eine umfangreiche Sammlung von Informationen rund um systemische Ans\u00e4tze, Theorien und Methoden zur Verf\u00fcgung. Dazu z\u00e4hlen Materialien, wissenschaftliche Arbeiten, B\u00fccher und Aufs\u00e4tze.<\/p>\n<ul>\n<li><a href=\"http:\/\/www.blog.bernd-schmid.com\"><b>www.blog.bernd-schmid.com<\/b><\/a><\/li>\n<\/ul>\n<p>Dr. Bernd Schmid, der Leiter des Instituts f\u00fcr systemische Beratung (ISB), ver\u00f6ffentlicht in seinem Weblog Pers\u00f6nliches, Systemisches, Erbauliches und Wissenswertes &#8211; eben alles, was ihn so gerade bewegt.<\/p>\n<ul>\n<li><a href=\"http:\/\/www.systemisch-forschen.de\"><b>www.systemisch-forschen.de<\/b><\/a><\/li>\n<\/ul>\n<p>Die Deutsche Gesellschaft f\u00fcr Systemische Therapie und Familientherapie und die Systemische Gesellschaft bieten unter www.Systemisch-Forschen.de eine Plattform an, auf der sich Personen, die sich f\u00fcr die systemische Forschung interessieren, austauschen und vernetzen k\u00f6nnen.<\/p>\n<ul>\n<li><strong><a href=\"http:\/\/www.systemisch.info\/\">www.systemisch.info<\/a><\/strong><\/li>\n<\/ul>\n<p>Unter systemisch.info bietet die Deutsche Gesellschaft f\u00fcr Systemische Therapie, Beratung und Familientherapie e.V. (DGSF) Fachartikel, methodische Darstelllungen, Projekt- und Fallbeispiele ihrer Mitglieder und Weiterbildungsinstitute zum kostenlosen Download an.<\/p>\n<p>(Ohne Anspruch auf Vollst\u00e4ndigkeit und ohne Gew\u00e4hr f\u00fcr die Inhalte der Seiten. )<\/p>\n<p><!--Beginn Frauencoaching-Banner f\u00fcr E-Card-Seite. Nutzung nur wie folgt erlaubt. --><!--Ende Frauencoaching-Banner f\u00fcr E-Card-Seite --><\/p>\n<p><\/p><div class=\"twoclick_social_bookmarks_post_249 social_share_privacy clearfix 1.6.4 locale-de_DE sprite-de_DE\"><\/div><div class=\"twoclick-js\"><script type=\"text\/javascript\">\/* <![CDATA[ *\/\njQuery(document).ready(function($){if($('.twoclick_social_bookmarks_post_249')){$('.twoclick_social_bookmarks_post_249').socialSharePrivacy({\"services\":{\"facebook\":{\"status\":\"on\",\"txt_info\":\"2 Klicks f\\u00fcr mehr Datenschutz: Erst wenn Sie hier klicken, wird der Button aktiv und Sie k\\u00f6nnen Ihre Empfehlung an Facebook senden. Schon beim Aktivieren werden Daten an Dritte \\u00fcbertragen - siehe <em>i<\\\/em>.\",\"perma_option\":\"off\",\"action\":\"like\",\"language\":\"de_DE\"},\"twitter\":{\"reply_to\":\"\",\"tweet_text\":\"Links\",\"status\":\"on\",\"txt_info\":\"2 Klicks f\\u00fcr mehr Datenschutz: Erst wenn Sie hier klicken, wird der Button aktiv und Sie k\\u00f6nnen Ihre Empfehlung an Twitter senden. Schon beim Aktivieren werden Daten an Dritte \\u00fcbertragen - siehe <em>i<\\\/em>.\",\"perma_option\":\"off\",\"language\":\"de\",\"referrer_track\":\"\"},\"xing\":{\"status\":\"on\",\"txt_info\":\"2 Klicks f\\u00fcr mehr Datenschutz: Erst wenn Sie hier klicken, wird der Button aktiv und Sie k\\u00f6nnen Ihre Empfehlung an Xing senden. Schon beim Aktivieren werden Daten an Dritte \\u00fcbertragen - siehe <em>i<\\\/em>.\",\"perma_option\":\"off\",\"language\":\"de\",\"referrer_track\":\"\"}},\"txt_help\":\"Wenn Sie diese Felder durch einen Klick aktivieren, werden Informationen an Facebook, Twitter, Flattr, Xing, t3n, LinkedIn, Pinterest oder Google eventuell ins Ausland \\u00fcbertragen und unter Umst\\u00e4nden auch dort gespeichert. N\\u00e4heres erfahren Sie durch einen Klick auf das <em>i<\\\/em>.\",\"settings_perma\":\"Dauerhaft aktivieren und Daten\\u00fcber-tragung zustimmen:\",\"info_link\":\"http:\\\/\\\/www.heise.de\\\/ct\\\/artikel\\\/2-Klicks-fuer-mehr-Datenschutz-1333879.html\",\"uri\":\"https:\\\/\\\/www.beraternetworking.de\\\/?page_id=249\",\"post_id\":249,\"post_title_referrer_track\":\"Links\",\"display_infobox\":\"on\"});}});\n\/* ]]> *\/<\/script><\/div>","protected":false},"excerpt":{"rendered":"<p>Netzwerke und Verb\u00e4nde f\u00fcr Unternehmerinnen Business and Professional Women www.bpw-germany.de B.F.B.M. &#8211; Verband der Frau im freien Beruf und im Management e.V. www.bfbm.de Journalistinnenbund e.V. www.journalistinnen.de Gr\u00fcnderinnenportal des Bundesministeriums f\u00fcr Wirtschaft und Technologie www.gruenderinnenportal.de www.manager-magazin.de Systemische Beratung, Supervision &amp; Coaching &hellip; <a href=\"https:\/\/www.beraternetworking.de\/?page_id=249\">Weiterlesen <span class=\"meta-nav\">&rarr;<\/span><\/a><\/p>\n","protected":false},"author":1,"featured_media":0,"parent":0,"menu_order":8,"comment_status":"open","ping_status":"open","template":"","meta":{"jetpack_post_was_ever_published":false,"footnotes":""},"class_list":["post-249","page","type-page","status-publish","hentry"],"aioseo_notices":[],"jetpack_sharing_enabled":true,"jetpack_shortlink":"https:\/\/wp.me\/P2vukt-41","jetpack-related-posts":[{"id":13,"url":"https:\/\/www.beraternetworking.de\/?page_id=13","url_meta":{"origin":249,"position":0},"title":"Impressum, Datenschutzerkl\u00e4rung","author":"admin","date":"22. M\u00e4rz 2012","format":false,"excerpt":"Impressum beraternetworking ist der Blog f\u00fcr Berater und Beraterinnen aus den Praxisfeldern der Supervision, dem Coaching und\u00a0 Fachjournalismus. Am Anger 5 D-94447 Plattling Ansprechpartner: BBreit E-Mail: info(at)beraternetworking.de Inhaltlich Verantwortliche gem\u00e4\u00df \u00a7 55 Abs. 2 RStV:\u00a0 (Anschrift wie oben) Haftungshinweis: Trotz sorgf\u00e4ltiger inhaltlicher Kontrolle \u00fcbernehmen wir keine Haftung f\u00fcr die Inhalte\u2026","rel":"","context":"\u00c4hnlicher Beitrag","block_context":{"text":"\u00c4hnlicher Beitrag","link":""},"img":{"alt_text":"","src":"","width":0,"height":0},"classes":[]}],"jetpack_likes_enabled":true,"_links":{"self":[{"href":"https:\/\/www.beraternetworking.de\/index.php?rest_route=\/wp\/v2\/pages\/249","targetHints":{"allow":["GET"]}}],"collection":[{"href":"https:\/\/www.beraternetworking.de\/index.php?rest_route=\/wp\/v2\/pages"}],"about":[{"href":"https:\/\/www.beraternetworking.de\/index.php?rest_route=\/wp\/v2\/types\/page"}],"author":[{"embeddable":true,"href":"https:\/\/www.beraternetworking.de\/index.php?rest_route=\/wp\/v2\/users\/1"}],"replies":[{"embeddable":true,"href":"https:\/\/www.beraternetworking.de\/index.php?rest_route=%2Fwp%2Fv2%2Fcomments&post=249"}],"version-history":[{"count":0,"href":"https:\/\/www.beraternetworking.de\/index.php?rest_route=\/wp\/v2\/pages\/249\/revisions"}],"wp:attachment":[{"href":"https:\/\/www.beraternetworking.de\/index.php?rest_route=%2Fwp%2Fv2%2Fmedia&parent=249"}],"curies":[{"name":"wp","href":"https:\/\/api.w.org\/{rel}","templated":true}]}}